{"id":71454,"date":"2024-08-28T00:00:00","date_gmt":"2024-08-27T22:00:00","guid":{"rendered":"https:\/\/wazabi.ddev.site\/stanley-stella\/catalog\/stanley-climber\/"},"modified":"2026-01-20T16:25:19","modified_gmt":"2026-01-20T15:25:19","slug":"stanley-climber","status":"publish","type":"product","link":"https:\/\/www.wazabi.be\/fr\/stanley-stella\/catalogue\/stanley-climber\/","title":{"rendered":"Stanley Climber"},"content":{"rendered":"<p>Sans manches<br \/>\nCol haut<br \/>\nFermeture \u00e9clair invers\u00e9e en nylon centr\u00e9e \u00e0 l\u2019avant<br \/>\nPoches passepoil\u00e9es \u00e0 fermeture \u00e9clair avec tirette extra gros grain<br \/>\nBord \u00e9lastique \u00e0 l\u2019emmanchure<br \/>\nEnti\u00e8rement matelass\u00e9<br \/>\nEmpi\u00e8cements c\u00f4t\u00e9s pour une meilleure coupe<br \/>\nCoutures int\u00e9rieures finies avec bord<br \/>\nBas du corps avec arr\u00eat ajustable en plastique et cordon \u00e9lastique<\/p>\n","protected":false},"excerpt":{"rendered":"<p>Le bodywarmer pour homme<\/p>\n","protected":false},"featured_media":59482,"template":"","meta":[],"product_brand":[],"product_cat":[16],"product_tag":[],"class_list":{"0":"post-71454","1":"product","2":"type-product","3":"status-publish","4":"has-post-thumbnail","6":"product_cat-uncategorized","8":"first","9":"instock","10":"sold-individually","11":"product-type-variable","12":"has-default-attributes"},"_links":{"self":[{"href":"https:\/\/www.wazabi.be\/fr\/wp-json\/wp\/v2\/product\/71454","targetHints":{"allow":["GET"]}}],"collection":[{"href":"https:\/\/www.wazabi.be\/fr\/wp-json\/wp\/v2\/product"}],"about":[{"href":"https:\/\/www.wazabi.be\/fr\/wp-json\/wp\/v2\/types\/product"}],"wp:featuredmedia":[{"embeddable":true,"href":"https:\/\/www.wazabi.be\/fr\/wp-json\/wp\/v2\/media\/59482"}],"wp:attachment":[{"href":"https:\/\/www.wazabi.be\/fr\/wp-json\/wp\/v2\/media?parent=71454"}],"wp:term":[{"taxonomy":"product_brand","embeddable":true,"href":"https:\/\/www.wazabi.be\/fr\/wp-json\/wp\/v2\/product_brand?post=71454"},{"taxonomy":"product_cat","embeddable":true,"href":"https:\/\/www.wazabi.be\/fr\/wp-json\/wp\/v2\/product_cat?post=71454"},{"taxonomy":"product_tag","embeddable":true,"href":"https:\/\/www.wazabi.be\/fr\/wp-json\/wp\/v2\/product_tag?post=71454"}],"curies":[{"name":"wp","href":"https:\/\/api.w.org\/{rel}","templated":true}]}}