{"id":69771,"date":"2024-08-28T00:00:00","date_gmt":"2024-08-27T22:00:00","guid":{"rendered":"https:\/\/wazabi.ddev.site\/stanley-stella\/catalog\/stella-trail-blazer\/"},"modified":"2026-01-20T15:04:15","modified_gmt":"2026-01-20T14:04:15","slug":"stella-trail-blazer","status":"publish","type":"product","link":"https:\/\/www.wazabi.be\/fr\/stanley-stella\/catalogue\/stella-trail-blazer\/","title":{"rendered":"Stella Trail Blazer"},"content":{"rendered":"<p>Col montant<br \/>\nZip nylon invers\u00e9 milieu devant<br \/>\nPoches passepoil\u00e9es zipp\u00e9es avec tirettes \u00e9lastiques r\u00e9fl\u00e9chissantes<br \/>\nBas de corps ajustable avec cordon \u00e9lastique et stoppeurs en plastique<br \/>\nToutes les coutures int\u00e9rieures finies avec un biais recycl\u00e9<br \/>\nDoublure en polaire anti-boulochage<br \/>\nTissu 3 couches enti\u00e8rement contrecoll\u00e9 avec membrane TPU recycl\u00e9e<br \/>\nTissu softshell bi-extensible pour un meilleur ajustement et une meilleure tenue<br \/>\nD\u00e9perlant jusqu&rsquo;\u00e0 10 000 mm avec Bionic Finish\u00ae Eco<br \/>\nRespirant jusqu&rsquo;\u00e0 3 000 g\/m\u00b2\/24h<br \/>\nCoupe-vent<\/p>\n","protected":false},"excerpt":{"rendered":"<p>La veste Softshell femme sans manches<\/p>\n","protected":false},"featured_media":57799,"template":"","meta":[],"product_brand":[],"product_cat":[16],"product_tag":[],"class_list":{"0":"post-69771","1":"product","2":"type-product","3":"status-publish","4":"has-post-thumbnail","6":"product_cat-uncategorized","8":"first","9":"instock","10":"sold-individually","11":"product-type-variable","12":"has-default-attributes"},"_links":{"self":[{"href":"https:\/\/www.wazabi.be\/fr\/wp-json\/wp\/v2\/product\/69771","targetHints":{"allow":["GET"]}}],"collection":[{"href":"https:\/\/www.wazabi.be\/fr\/wp-json\/wp\/v2\/product"}],"about":[{"href":"https:\/\/www.wazabi.be\/fr\/wp-json\/wp\/v2\/types\/product"}],"wp:featuredmedia":[{"embeddable":true,"href":"https:\/\/www.wazabi.be\/fr\/wp-json\/wp\/v2\/media\/57799"}],"wp:attachment":[{"href":"https:\/\/www.wazabi.be\/fr\/wp-json\/wp\/v2\/media?parent=69771"}],"wp:term":[{"taxonomy":"product_brand","embeddable":true,"href":"https:\/\/www.wazabi.be\/fr\/wp-json\/wp\/v2\/product_brand?post=69771"},{"taxonomy":"product_cat","embeddable":true,"href":"https:\/\/www.wazabi.be\/fr\/wp-json\/wp\/v2\/product_cat?post=69771"},{"taxonomy":"product_tag","embeddable":true,"href":"https:\/\/www.wazabi.be\/fr\/wp-json\/wp\/v2\/product_tag?post=69771"}],"curies":[{"name":"wp","href":"https:\/\/api.w.org\/{rel}","templated":true}]}}